{"id":569,"date":"2019-10-13T19:26:53","date_gmt":"2019-10-13T17:26:53","guid":{"rendered":"https:\/\/christophgrubits.at\/?page_id=569"},"modified":"2019-10-13T19:26:54","modified_gmt":"2019-10-13T17:26:54","slug":"blog","status":"publish","type":"page","link":"https:\/\/christoph-neuwirth.at\/en\/blog\/","title":{"rendered":"Blog [DE]"},"content":{"rendered":"<section class=\"fw-main-row\"  >\n\t<div class=\"fw-container\">\n\t\t<div class=\"row\">\n\t\r\n\r\n<div class=\"col-xs-12 col-sm-12\">\r\n    <div id=\"col_inner_id-69f467b264d06\" class=\"fw-col-inner\" data-paddings=\"0px 0px 0px 0px\">\r\n\t\t\n<div class=\"blog-masonry three-columns clearfix\">\n                            <!-- Blog Post 787 -->\n                        <div class=\"item post-787\">\n                          <div class=\"blog-card\">\n                            <div class=\"media-block\">\n                                <div class=\"category\">\n                                    <a href=\"https:\/\/christoph-neuwirth.at\/en\/category\/projekte\/sound-design\/\" title=\"View all posts in Sound Design\">Sound Design<\/a>                                <\/div>\n                                <a href=\"https:\/\/christoph-neuwirth.at\/en\/der-einstieg-in-dolby-atmos\/\">\n                                                                        \n                                                <img decoding=\"async\" src=\"https:\/\/christoph-neuwirth.at\/wp-content\/uploads\/2020\/06\/Dolby-Atmos-Renderer-2-811x372.png\" alt=\"image\" \/>\n                                                                                    <div class=\"mask\"><\/div>\n                                <\/a>\n                            <\/div>\n                            <div class=\"post-info\">\n                                <div class=\"post-date\">15 Jun 2020<\/div>\n                                <a href=\"https:\/\/christoph-neuwirth.at\/en\/der-einstieg-in-dolby-atmos\/\"><h4 class=\"blog-item-title\">Der Einstieg in Dolby Atmos<\/h4><\/a>\n                            <\/div>\n                          <\/div>\n                        <\/div>\n                        <!-- End of Blog Post 787 -->\n                                            <!-- Blog Post 753 -->\n                        <div class=\"item post-753\">\n                          <div class=\"blog-card\">\n                            <div class=\"media-block\">\n                                <div class=\"category\">\n                                    <a href=\"https:\/\/christoph-neuwirth.at\/en\/category\/projekte\/sound-design\/\" title=\"View all posts in Sound Design\">Sound Design<\/a>                                <\/div>\n                                <a href=\"https:\/\/christoph-neuwirth.at\/en\/foley-sounddesign-wie-eine-serie-oder-ein-film-vertont-wird\/\">\n                                                                        \n                                                <img decoding=\"async\" src=\"https:\/\/christoph-neuwirth.at\/wp-content\/uploads\/2020\/02\/Drei-Scha\u0308tze-Schnitt-811x372.jpeg\" alt=\"image\" \/>\n                                                                                    <div class=\"mask\"><\/div>\n                                <\/a>\n                            <\/div>\n                            <div class=\"post-info\">\n                                <div class=\"post-date\">25 Feb 2020<\/div>\n                                <a href=\"https:\/\/christoph-neuwirth.at\/en\/foley-sounddesign-wie-eine-serie-oder-ein-film-vertont-wird\/\"><h4 class=\"blog-item-title\">Foley &#038; Sounddesign: Wie eine Serie oder ein Film vertont wird<\/h4><\/a>\n                            <\/div>\n                          <\/div>\n                        <\/div>\n                        <!-- End of Blog Post 753 -->\n                                            <!-- Blog Post 698 -->\n                        <div class=\"item post-698\">\n                          <div class=\"blog-card\">\n                            <div class=\"media-block\">\n                                <div class=\"category\">\n                                    <a href=\"https:\/\/christoph-neuwirth.at\/en\/category\/projekte\/video\/\" title=\"View all posts in Video\">Video<\/a>                                <\/div>\n                                <a href=\"https:\/\/christoph-neuwirth.at\/en\/produktvideo-zu-intellicharger-nun-online\/\">\n                                                                        \n                                                <img decoding=\"async\" src=\"https:\/\/christoph-neuwirth.at\/wp-content\/uploads\/2020\/01\/IntelliCharger-Design-811x372.png\" alt=\"image\" \/>\n                                                                                    <div class=\"mask\"><\/div>\n                                <\/a>\n                            <\/div>\n                            <div class=\"post-info\">\n                                <div class=\"post-date\">24 Jan 2020<\/div>\n                                <a href=\"https:\/\/christoph-neuwirth.at\/en\/produktvideo-zu-intellicharger-nun-online\/\"><h4 class=\"blog-item-title\">Produktvideo zu IntelliCharger nun online<\/h4><\/a>\n                            <\/div>\n                          <\/div>\n                        <\/div>\n                        <!-- End of Blog Post 698 -->\n                                            <!-- Blog Post 631 -->\n                        <div class=\"item post-631\">\n                          <div class=\"blog-card\">\n                            <div class=\"media-block\">\n                                <div class=\"category\">\n                                    <a href=\"https:\/\/christoph-neuwirth.at\/en\/category\/projekte\/sound-design\/\" title=\"View all posts in Sound Design\">Sound Design<\/a>                                <\/div>\n                                <a href=\"https:\/\/christoph-neuwirth.at\/en\/drei-schatze-offiziell-abgedreht\/\">\n                                                                        \n                                                <img decoding=\"async\" src=\"https:\/\/christoph-neuwirth.at\/wp-content\/uploads\/2019\/11\/Drei-Scha\u0308tze-Dreh-3-811x372.jpg\" alt=\"image\" \/>\n                                                                                    <div class=\"mask\"><\/div>\n                                <\/a>\n                            <\/div>\n                            <div class=\"post-info\">\n                                <div class=\"post-date\">18 Nov 2019<\/div>\n                                <a href=\"https:\/\/christoph-neuwirth.at\/en\/drei-schatze-offiziell-abgedreht\/\"><h4 class=\"blog-item-title\">Drei Sch\u00e4tze: Offiziell abgedreht<\/h4><\/a>\n                            <\/div>\n                          <\/div>\n                        <\/div>\n                        <!-- End of Blog Post 631 -->\n                                            <!-- Blog Post 613 -->\n                        <div class=\"item post-613\">\n                          <div class=\"blog-card\">\n                            <div class=\"media-block\">\n                                <div class=\"category\">\n                                    <a href=\"https:\/\/christoph-neuwirth.at\/en\/category\/projekte\/sound-design\/\" title=\"View all posts in Sound Design\">Sound Design<\/a>                                <\/div>\n                                <a href=\"https:\/\/christoph-neuwirth.at\/en\/das-equipment-ist-da\/\">\n                                                                        \n                                                <img decoding=\"async\" src=\"https:\/\/christoph-neuwirth.at\/wp-content\/uploads\/2019\/11\/Drei-Scha\u0308tze-Fo\u0308rderantrag-Equipment-811x372.jpg\" alt=\"image\" \/>\n                                                                                    <div class=\"mask\"><\/div>\n                                <\/a>\n                            <\/div>\n                            <div class=\"post-info\">\n                                <div class=\"post-date\">06 Nov 2019<\/div>\n                                <a href=\"https:\/\/christoph-neuwirth.at\/en\/das-equipment-ist-da\/\"><h4 class=\"blog-item-title\">Das Equipment ist da<\/h4><\/a>\n                            <\/div>\n                          <\/div>\n                        <\/div>\n                        <!-- End of Blog Post 613 -->\n                                            <!-- Blog Post 547 -->\n                        <div class=\"item post-547\">\n                          <div class=\"blog-card\">\n                            <div class=\"media-block\">\n                                <div class=\"category\">\n                                    <a href=\"https:\/\/christoph-neuwirth.at\/en\/category\/projekte\/sound-design\/\" title=\"View all posts in Sound Design\">Sound Design<\/a>                                <\/div>\n                                <a href=\"https:\/\/christoph-neuwirth.at\/en\/vorbereitung-fuer-den-dreh-des-serienpiloten-drei-schaetze\/\">\n                                                                        \n                                                <img decoding=\"async\" src=\"https:\/\/christoph-neuwirth.at\/wp-content\/uploads\/2019\/10\/Drei-Scha\u0308tze-Teambesprechung-811x372.jpg\" alt=\"image\" \/>\n                                                                                    <div class=\"mask\"><\/div>\n                                <\/a>\n                            <\/div>\n                            <div class=\"post-info\">\n                                <div class=\"post-date\">13 Oct 2019<\/div>\n                                <a href=\"https:\/\/christoph-neuwirth.at\/en\/vorbereitung-fuer-den-dreh-des-serienpiloten-drei-schaetze\/\"><h4 class=\"blog-item-title\">Vorbereitung f\u00fcr den Dreh des Serienpiloten \u201eDrei Sch\u00e4tze\u201c<\/h4><\/a>\n                            <\/div>\n                          <\/div>\n                        <\/div>\n                        <!-- End of Blog Post 547 -->\n                    <\/div>\n\n            <div class=\"see-all-posts\">\n                <a class=\"btn btn-primary\" href=\"https:\/\/christoph-neuwirth.at\/en\/posts\/\">See All Posts<\/a>\n            <\/div>\n        \t<\/div>\r\n<\/div>\r\n<\/div>\n\n\t<\/div>\n<\/section>","protected":false},"excerpt":{"rendered":"<p>F\u00fcr mein Semesterprojekt der Masterklasse Audio Design bin ich an einem Serienpiloten beteiligt, der Masterklassen-\u00fcbergreifend produziert wird. Zusammen mit meiner Studienkollegin Magdalena M\u00fcller sind wir f\u00fcr den Set-Ton bis hin zur fertigen Mischung verantwortlich und damit nat\u00fcrlich auch f\u00fcr alles dazwischen. Die Vorbereitungen laufen auch Hochtouren damit bei der Produktion dann alles klappt. Planung Zu&#8230;<\/p>\n<p><a class=\"read-more\" href=\"https:\/\/christoph-neuwirth.at\/en\/vorbereitung-fuer-den-dreh-des-serienpiloten-drei-schaetze\/\">Read More<\/a><\/p>","protected":false},"author":1,"featured_media":0,"parent":0,"menu_order":0,"comment_status":"closed","ping_status":"closed","template":"","meta":{"_monsterinsights_skip_tracking":false,"_monsterinsights_sitenote_active":false,"_monsterinsights_sitenote_note":"","_monsterinsights_sitenote_category":0,"footnotes":""},"class_list":["post-569","page","type-page","status-publish","hentry","has-post-thumbnail"],"_links":{"self":[{"href":"https:\/\/christoph-neuwirth.at\/en\/wp-json\/wp\/v2\/pages\/569","targetHints":{"allow":["GET"]}}],"collection":[{"href":"https:\/\/christoph-neuwirth.at\/en\/wp-json\/wp\/v2\/pages"}],"about":[{"href":"https:\/\/christoph-neuwirth.at\/en\/wp-json\/wp\/v2\/types\/page"}],"author":[{"embeddable":true,"href":"https:\/\/christoph-neuwirth.at\/en\/wp-json\/wp\/v2\/users\/1"}],"replies":[{"embeddable":true,"href":"https:\/\/christoph-neuwirth.at\/en\/wp-json\/wp\/v2\/comments?post=569"}],"version-history":[{"count":0,"href":"https:\/\/christoph-neuwirth.at\/en\/wp-json\/wp\/v2\/pages\/569\/revisions"}],"wp:attachment":[{"href":"https:\/\/christoph-neuwirth.at\/en\/wp-json\/wp\/v2\/media?parent=569"}],"curies":[{"name":"wp","href":"https:\/\/api.w.org\/{rel}","templated":true}]}}