{"id":4,"date":"2018-04-05T09:52:34","date_gmt":"2018-04-05T09:52:34","guid":{"rendered":"https:\/\/christophgrubits.at\/?page_id=4"},"modified":"2024-11-11T11:06:51","modified_gmt":"2024-11-11T10:06:51","slug":"ueber-mich","status":"publish","type":"page","link":"https:\/\/christoph-neuwirth.at\/en\/ueber-mich\/","title":{"rendered":"About Me"},"content":{"rendered":"<section class=\"fw-main-row\"  >\n\t<div class=\"fw-container\">\n\t\t<div class=\"row\">\n\t\r\n\r\n<div class=\"col-xs-12 col-sm-12\">\r\n    <div id=\"col_inner_id-69e023357b1c3\" class=\"fw-col-inner\" data-paddings=\"0px 0px 0px 0px\">\r\n\t\t\n<div class=\"block-title\">\n    <h3>What I do<span><\/span><\/h3>\n<\/div>\n\t<\/div>\r\n<\/div>\r\n<\/div>\n\n<div class=\"row\">\n\t\r\n\r\n<div class=\"col-xs-12 col-sm-6\">\r\n    <div id=\"col_inner_id-69e023357b498\" class=\"fw-col-inner\" data-paddings=\"0px 0px 0px 0px\">\r\n\t\t\n<div id=\"info-list-69e023357b61e\" class=\"info-list-w-icon\">\n\t\n\t\t\t\t\t<div class=\"info-block-w-icon\">\n\t\t\t\t    <div class=\"ci-icon\">\n\t\t        \t\t        \t                        <i class=\"linecons linecons-music\"><\/i>\n\t\t                \t\t    <\/div>\n\t\t    <div class=\"ci-text\">\n\t\t        <h4>Sound Engineering<\/h4>\n\t\t        <p>With many projects ranging from radio contributions, band recordings, interviews, set sound to TV mixes, I have already worked with a wide variety of sound production.<\/p>\n\t\t    <\/div>\n\t\t<\/div>\n\t\t\t\t\t<div class=\"info-block-w-icon\">\n\t\t\t\t    <div class=\"ci-icon\">\n\t\t        \t\t        \t                        <i class=\"unycon unycon-sound-bars\"><\/i>\n\t\t                \t\t    <\/div>\n\t\t    <div class=\"ci-text\">\n\t\t        <h4>Music<\/h4>\n\t\t        <p>I have been playing keyboard and piano for over 10 years and a left-handed electric bass for over 3 years.<\/p>\n\t\t    <\/div>\n\t\t<\/div>\n\t<\/div>\n\t<\/div>\r\n<\/div>\r\n\r\n\r\n<div class=\"col-xs-12 col-sm-6\">\r\n    <div id=\"col_inner_id-69e023357b6fd\" class=\"fw-col-inner\" data-paddings=\"0px 0px 0px 0px\">\r\n\t\t\n<div id=\"info-list-69e023357b7c0\" class=\"info-list-w-icon\">\n\t\n\t\t\t\t\t<div class=\"info-block-w-icon\">\n\t\t\t\t    <div class=\"ci-icon\">\n\t\t        \t\t        \t                        <i class=\"fa fa-film\"><\/i>\n\t\t                \t\t    <\/div>\n\t\t    <div class=\"ci-text\">\n\t\t        <h4>Videos<\/h4>\n\t\t        <p>I have been involved in several video projects and occasionally schedule, film and edit various projects.<\/p>\n\t\t    <\/div>\n\t\t<\/div>\n\t\t\t\t\t<div class=\"info-block-w-icon\">\n\t\t\t\t    <div class=\"ci-icon\">\n\t\t        \t\t        \t                        <i class=\"lnr lnr-screen\"><\/i>\n\t\t                \t\t    <\/div>\n\t\t    <div class=\"ci-text\">\n\t\t        <h4>Computer<\/h4>\n\t\t        <p>I grew up with technology which made  me familiar with Windows, macOS and Linux. Most of all, I like to deal with the Android world.<\/p>\n\t\t    <\/div>\n\t\t<\/div>\n\t<\/div>\n\t<\/div>\r\n<\/div>\r\n<\/div>\n\n<div class=\"row\">\n\t\r\n\r\n<div class=\"col-xs-12 col-sm-12\">\r\n    <div id=\"col_inner_id-69e023357b96a\" class=\"fw-col-inner\" data-paddings=\"0px 0px 0px 0px\">\r\n\t\t<p style=\"text-align: right; font-size: 10px;opacity: 0.5;\">Image: Andreas Reiberger<\/p>\t<\/div>\r\n<\/div>\r\n<\/div>\n\n\t<\/div>\n<\/section>","protected":false},"excerpt":{"rendered":"<p>Was ich mache Tontechnik Mit vielen Projekten von Radiobeitr\u00e4gen, Band-Recordings, Interviews, Set-Ton bis hin zu Fernsehmischungen habe ich mit einem breiten Spektrum des Tons bereits gearbeitet. Musik Ich spiele leidenschaftlich seit \u00fcber 10 Jahren Keyboard und Klavier sowie seit \u00fcber 3 Jahren einen linksh\u00e4ndigen E-Bass. Videos Ich habe schon an einigen Videoprojekten mitgewirkt und plane,&#8230;<\/p>\n<p><a class=\"read-more\" href=\"https:\/\/christoph-neuwirth.at\/en\/ueber-mich\/\">Read More<\/a><\/p>","protected":false},"author":1,"featured_media":0,"parent":0,"menu_order":0,"comment_status":"closed","ping_status":"closed","template":"page-templates\/template-kerge-start-page.php","meta":{"_monsterinsights_skip_tracking":false,"_monsterinsights_sitenote_active":false,"_monsterinsights_sitenote_note":"","_monsterinsights_sitenote_category":0,"footnotes":""},"class_list":["post-4","page","type-page","status-publish","hentry"],"_links":{"self":[{"href":"https:\/\/christoph-neuwirth.at\/en\/wp-json\/wp\/v2\/pages\/4","targetHints":{"allow":["GET"]}}],"collection":[{"href":"https:\/\/christoph-neuwirth.at\/en\/wp-json\/wp\/v2\/pages"}],"about":[{"href":"https:\/\/christoph-neuwirth.at\/en\/wp-json\/wp\/v2\/types\/page"}],"author":[{"embeddable":true,"href":"https:\/\/christoph-neuwirth.at\/en\/wp-json\/wp\/v2\/users\/1"}],"replies":[{"embeddable":true,"href":"https:\/\/christoph-neuwirth.at\/en\/wp-json\/wp\/v2\/comments?post=4"}],"version-history":[{"count":3,"href":"https:\/\/christoph-neuwirth.at\/en\/wp-json\/wp\/v2\/pages\/4\/revisions"}],"predecessor-version":[{"id":1284,"href":"https:\/\/christoph-neuwirth.at\/en\/wp-json\/wp\/v2\/pages\/4\/revisions\/1284"}],"wp:attachment":[{"href":"https:\/\/christoph-neuwirth.at\/en\/wp-json\/wp\/v2\/media?parent=4"}],"curies":[{"name":"wp","href":"https:\/\/api.w.org\/{rel}","templated":true}]}}