{"id":26,"date":"2018-04-05T12:36:53","date_gmt":"2018-04-05T12:36:53","guid":{"rendered":"https:\/\/christophgrubits.at\/?page_id=26"},"modified":"2023-08-14T10:50:13","modified_gmt":"2023-08-14T08:50:13","slug":"lebenslauf","status":"publish","type":"page","link":"https:\/\/christoph-neuwirth.at\/en\/lebenslauf\/","title":{"rendered":"CV"},"content":{"rendered":"<section class=\"fw-main-row\"  >\n\t<div class=\"fw-container\">\n\t\t<div class=\"row\">\n\t\r\n\r\n<div class=\"col-xs-12 col-sm-8\">\r\n    <div id=\"col_inner_id-69ef62ef65274\" class=\"fw-col-inner\" data-paddings=\"0px 0px 30px 0px\">\r\n\t\t\n<div class=\"block-title\">\n    <h3>Personal Details<span><\/span><\/h3>\n<\/div>\n<div id=\"info-list-69ef62ef65c9c\" class=\"info-list\">\n\t\n\t<ul class=\"fw-info-list info-list\">\n\t  \t\t\t\t<li><span class=\"title\">Name<\/span>\n\t\t\t\t<span class=\"value\">\n\t\t\t\t\t\t\t\t\t\t\tDipl.-Ing. Christoph Neuwirth, BSc\t\t\t\t\t\t\t\t\t<\/span>\n\t\t\t<\/li>\n\t\t\t\t\t<li><span class=\"title\">Date of Birth<\/span>\n\t\t\t\t<span class=\"value\">\n\t\t\t\t\t\t\t\t\t\t\t22 November 1995 in Vienna\t\t\t\t\t\t\t\t\t<\/span>\n\t\t\t<\/li>\n\t\t\t\t\t<li><span class=\"title\">Nationality<\/span>\n\t\t\t\t<span class=\"value\">\n\t\t\t\t\t\t\t\t\t\t\tAustria\t\t\t\t\t\t\t\t\t<\/span>\n\t\t\t<\/li>\n\t\t\t<\/ul>\n<\/div>\n\n\t<div class=\"fw-divider-space\" style=\"padding-top: 30px;\"><\/div>\n\n<div class=\"block-title\">\n    <h3>Career Path<span><\/span><\/h3>\n<\/div>\n\n\n<div id=\"timeline-69ef62ef663e7\" class=\"timeline timeline-second-style clearfix\">\n\t\t\t\t\t<div class=\"timeline-item clearfix\">\n\t\t\t<div class=\"left-part\">\n\t\t\t\t<h5 class=\"item-period\">09\/2021 \u2013 aktuell<\/h5>\n\t\t\t\t<span class=\"item-company\">UAS Sankt P\u00f6lten<\/span>\n\t\t\t\t\t\t\t<\/div>\n\t\t\t<div class=\"divider\"><\/div>\n\t\t\t<div class=\"right-part\">\n\t\t\t\t<h4 class=\"item-title\">FH-Lektor<\/h4>\n\t\t\t\t<div class=\"text\">\n\t\t\t\t\t<p>Part-time college lecturer in the field of AV IP technologies and codecs<\/p>\t\t\t\t<\/div>\n\t\t\t<\/div>\n\t\t<\/div>\n\t\t\t\t\t\t\t<div class=\"timeline-item clearfix\">\n\t\t\t<div class=\"left-part\">\n\t\t\t\t<h5 class=\"item-period\">07\/2021 \u2013 aktuell<\/h5>\n\t\t\t\t<span class=\"item-company\">Der Standard<\/span>\n\t\t\t\t\t\t\t<\/div>\n\t\t\t<div class=\"divider\"><\/div>\n\t\t\t<div class=\"right-part\">\n\t\t\t\t<h4 class=\"item-title\">Ton-Cutter<\/h4>\n\t\t\t\t<div class=\"text\">\n\t\t\t\t\t<p>Recording, editing and mixing podcasts<\/p>\t\t\t\t<\/div>\n\t\t\t<\/div>\n\t\t<\/div>\n\t\t\t\t\t\t\t<div class=\"timeline-item clearfix\">\n\t\t\t<div class=\"left-part\">\n\t\t\t\t<h5 class=\"item-period\">09\/2018 \u2013 09\/2020<\/h5>\n\t\t\t\t<span class=\"item-company\">UAS Sankt P\u00f6lten<\/span>\n\t\t\t\t\t\t\t<\/div>\n\t\t\t<div class=\"divider\"><\/div>\n\t\t\t<div class=\"right-part\">\n\t\t\t\t<h4 class=\"item-title\">Assistant In The Department Of Video<\/h4>\n\t\t\t\t<div class=\"text\">\n\t\t\t\t\t<p>Supporting tasks in the area of equipment rental, TV studio and work rooms<\/p>\t\t\t\t<\/div>\n\t\t\t<\/div>\n\t\t<\/div>\n\t\t\t\t\t\t\t<div class=\"timeline-item clearfix\">\n\t\t\t<div class=\"left-part\">\n\t\t\t\t<h5 class=\"item-period\">02\/2018 \u2013 04\/2018<\/h5>\n\t\t\t\t<span class=\"item-company\">SteinHof Sound &amp; Musikproduktion<\/span>\n\t\t\t\t\t\t\t<\/div>\n\t\t\t<div class=\"divider\"><\/div>\n\t\t\t<div class=\"right-part\">\n\t\t\t\t<h4 class=\"item-title\">Intern<\/h4>\n\t\t\t\t<div class=\"text\">\n\t\t\t\t\tRecording, editing and mixing of TV and radio commercials\t\t\t\t<\/div>\n\t\t\t<\/div>\n\t\t<\/div>\n\t\t\t\t\t\t\t<div class=\"timeline-item clearfix\">\n\t\t\t<div class=\"left-part\">\n\t\t\t\t<h5 class=\"item-period\">09\/2017 \u2013 02\/2018<\/h5>\n\t\t\t\t<span class=\"item-company\">UAS Sankt P\u00f6lten<\/span>\n\t\t\t\t\t\t\t<\/div>\n\t\t\t<div class=\"divider\"><\/div>\n\t\t\t<div class=\"right-part\">\n\t\t\t\t<h4 class=\"item-title\">Assistant In The Department Of Video<\/h4>\n\t\t\t\t<div class=\"text\">\n\t\t\t\t\t<p>Supporting tasks in the area of equipment rental, TV studio and work rooms<\/p>\t\t\t\t<\/div>\n\t\t\t<\/div>\n\t\t<\/div>\n\t\t\t\t\t\t\t<div class=\"timeline-item clearfix\">\n\t\t\t<div class=\"left-part\">\n\t\t\t\t<h5 class=\"item-period\">09\/2014 \u2013 05\/2015<\/h5>\n\t\t\t\t<span class=\"item-company\">National Police Department Vienna<\/span>\n\t\t\t\t\t\t\t<\/div>\n\t\t\t<div class=\"divider\"><\/div>\n\t\t\t<div class=\"right-part\">\n\t\t\t\t<h4 class=\"item-title\">Compulsory Paid Community Service<\/h4>\n\t\t\t\t<div class=\"text\">\n\t\t\t\t\tSchool Crossing Patrol\t\t\t\t<\/div>\n\t\t\t<\/div>\n\t\t<\/div>\n\t\t\t\t\t\t\t<div class=\"timeline-item clearfix\">\n\t\t\t<div class=\"left-part\">\n\t\t\t\t<h5 class=\"item-period\">06\/2013<\/h5>\n\t\t\t\t<span class=\"item-company\">Dental Clinic Dr. Maarfia<\/span>\n\t\t\t\t\t\t\t<\/div>\n\t\t\t<div class=\"divider\"><\/div>\n\t\t\t<div class=\"right-part\">\n\t\t\t\t<h4 class=\"item-title\">Intern<\/h4>\n\t\t\t\t<div class=\"text\">\n\t\t\t\t\tDental Treatment Assistant\t\t\t\t<\/div>\n\t\t\t<\/div>\n\t\t<\/div>\n\t\t\t\t\t\t\t<div class=\"timeline-item clearfix\">\n\t\t\t<div class=\"left-part\">\n\t\t\t\t<h5 class=\"item-period\">02\/2009<\/h5>\n\t\t\t\t<span class=\"item-company\">Servosan Ltd.<\/span>\n\t\t\t\t\t\t\t<\/div>\n\t\t\t<div class=\"divider\"><\/div>\n\t\t\t<div class=\"right-part\">\n\t\t\t\t<h4 class=\"item-title\">Intern<\/h4>\n\t\t\t\t<div class=\"text\">\n\t\t\t\t\tMaintenance of sanitary facilities, installation of high-voltage plugs\t\t\t\t<\/div>\n\t\t\t<\/div>\n\t\t<\/div>\n\t\t\t<\/div>\n\n\t<div class=\"fw-divider-space\" style=\"padding-top: 30px;\"><\/div>\n\n<div class=\"block-title\">\n    <h3>Education<span><\/span><\/h3>\n<\/div>\n\n\n<div id=\"timeline-69ef62ef666f6\" class=\"timeline timeline-second-style clearfix\">\n\t\t\t\t\t<div class=\"timeline-item clearfix\">\n\t\t\t<div class=\"left-part\">\n\t\t\t\t<h5 class=\"item-period\">09\/2018 \u2013 02\/2021<\/h5>\n\t\t\t\t<span class=\"item-company\">UAS Sankt P\u00f6lten<\/span>\n\t\t\t\t\t\t\t<\/div>\n\t\t\t<div class=\"divider\"><\/div>\n\t\t\t<div class=\"right-part\">\n\t\t\t\t<h4 class=\"item-title\">Master's Degree Digital Media Production<\/h4>\n\t\t\t\t<div class=\"text\">\n\t\t\t\t\t<p>Master Class Audio Design<\/p>\t\t\t\t<\/div>\n\t\t\t<\/div>\n\t\t<\/div>\n\t\t\t\t\t\t\t<div class=\"timeline-item clearfix\">\n\t\t\t<div class=\"left-part\">\n\t\t\t\t<h5 class=\"item-period\">09\/2015 \u2013 09\/2018<\/h5>\n\t\t\t\t<span class=\"item-company\">UAS Sankt P\u00f6lten<\/span>\n\t\t\t\t\t\t\t<\/div>\n\t\t\t<div class=\"divider\"><\/div>\n\t\t\t<div class=\"right-part\">\n\t\t\t\t<h4 class=\"item-title\">Bachelor's Degree Media Technology<\/h4>\n\t\t\t\t<div class=\"text\">\n\t\t\t\t\t3rd to 4th semester specalising on audio\/video, 5th semester specialising on audio production\t\t\t\t<\/div>\n\t\t\t<\/div>\n\t\t<\/div>\n\t\t\t\t\t\t\t<div class=\"timeline-item clearfix\">\n\t\t\t<div class=\"left-part\">\n\t\t\t\t<h5 class=\"item-period\">02\/2007 \u2013 06\/2014<\/h5>\n\t\t\t\t<span class=\"item-company\">School of General Education BG13 Fichtnergasse<\/span>\n\t\t\t\t\t\t\t<\/div>\n\t\t\t<div class=\"divider\"><\/div>\n\t\t\t<div class=\"right-part\">\n\t\t\t\t<h4 class=\"item-title\">School of General Education<\/h4>\n\t\t\t\t<div class=\"text\">\n\t\t\t\t\t\t\t\t\t<\/div>\n\t\t\t<\/div>\n\t\t<\/div>\n\t\t\t\t\t\t\t<div class=\"timeline-item clearfix\">\n\t\t\t<div class=\"left-part\">\n\t\t\t\t<h5 class=\"item-period\">09\/2006 \u2013 02\/2007<\/h5>\n\t\t\t\t<span class=\"item-company\">School of General Education Kollegium Kalksburg<\/span>\n\t\t\t\t\t\t\t<\/div>\n\t\t\t<div class=\"divider\"><\/div>\n\t\t\t<div class=\"right-part\">\n\t\t\t\t<h4 class=\"item-title\">School of General Education<\/h4>\n\t\t\t\t<div class=\"text\">\n\t\t\t\t\t\t\t\t\t<\/div>\n\t\t\t<\/div>\n\t\t<\/div>\n\t\t\t\t\t\t\t<div class=\"timeline-item clearfix\">\n\t\t\t<div class=\"left-part\">\n\t\t\t\t<h5 class=\"item-period\">09\/2002 \u2013 06\/2006<\/h5>\n\t\t\t\t<span class=\"item-company\">Kollegium Kalksburg<\/span>\n\t\t\t\t\t\t\t<\/div>\n\t\t\t<div class=\"divider\"><\/div>\n\t\t\t<div class=\"right-part\">\n\t\t\t\t<h4 class=\"item-title\">Primary School<\/h4>\n\t\t\t\t<div class=\"text\">\n\t\t\t\t\t\t\t\t\t<\/div>\n\t\t\t<\/div>\n\t\t<\/div>\n\t\t\t<\/div>\n\n\t<div class=\"fw-divider-space\" style=\"padding-top: 30px;\"><\/div>\n\n<div class=\"block-title\">\n    <h3>Projects<span><\/span><\/h3>\n<\/div>\n\n\n<div id=\"timeline-69ef62ef668fd\" class=\"timeline timeline-second-style clearfix\">\n\t\t\t\t\t<div class=\"timeline-item clearfix\">\n\t\t\t<div class=\"left-part\">\n\t\t\t\t<h5 class=\"item-period\">12\/2012 \u2013 01\/2013<\/h5>\n\t\t\t\t<span class=\"item-company\"><\/span>\n\t\t\t\t\t\t\t<\/div>\n\t\t\t<div class=\"divider\"><\/div>\n\t\t\t<div class=\"right-part\">\n\t\t\t\t<h4 class=\"item-title\">Music video for \"Animals\" by Muse<\/h4>\n\t\t\t\t<div class=\"text\">\n\t\t\t\t\tParticipation in the competition of the platform Genero.tv\t\t\t\t<\/div>\n\t\t\t<\/div>\n\t\t<\/div>\n\t\t\t\t\t\t\t<div class=\"timeline-item clearfix\">\n\t\t\t<div class=\"left-part\">\n\t\t\t\t<h5 class=\"item-period\">12\/2009 \u2013 03\/2013<\/h5>\n\t\t\t\t<span class=\"item-company\"><\/span>\n\t\t\t\t\t\t\t<\/div>\n\t\t\t<div class=\"divider\"><\/div>\n\t\t\t<div class=\"right-part\">\n\t\t\t\t<h4 class=\"item-title\">Tech Blog \"Apfelzone\"<\/h4>\n\t\t\t\t<div class=\"text\">\n\t\t\t\t\tFounder, administrator and editor-in-chief of the Apple news platform Apfelzone\t\t\t\t<\/div>\n\t\t\t<\/div>\n\t\t<\/div>\n\t\t\t<\/div>\n\t<\/div>\r\n<\/div>\r\n\r\n\r\n<div class=\"col-xs-12 col-sm-4\">\r\n    <div id=\"col_inner_id-69ef62ef669d1\" class=\"fw-col-inner\" data-paddings=\"0px 0px 0px 0px\">\r\n\t\t\n<div class=\"block-title\">\n    <h3>IT Knowledge<span><\/span><\/h3>\n<\/div>\n\n\n<div id=\"skills-69ef62ef66d31\" class=\"skills-info skills-second-style\">\n\t\t\t\t\t\t<div class=\"clearfix\">\n\t\t\t\t<h4>AVID ProTools<\/h4>\n\t\t\t\t<div class=\"skill-value\">90%<\/div>\n\t\t\t<\/div>\n\t\t\t<div id=\"skill-dac73e965e9f4777e57fa89ede187ab8\" data-value=\"90\" data-color=\"#0099e5\" class=\"skill-container\">\n\t\t\t\t<div class=\"skill-percentage\"><\/div>\n\t\t\t<\/div>\n\t\t\t\t\t\t\t\t<div class=\"clearfix\">\n\t\t\t\t<h4>Adobe Audition<\/h4>\n\t\t\t\t<div class=\"skill-value\">90%<\/div>\n\t\t\t<\/div>\n\t\t\t<div id=\"skill-73c76b58c1c24fbaa6a677c1e3db24e9\" data-value=\"90\" data-color=\"#ffcd38\" class=\"skill-container\">\n\t\t\t\t<div class=\"skill-percentage\"><\/div>\n\t\t\t<\/div>\n\t\t\t\t\t\t\t\t<div class=\"clearfix\">\n\t\t\t\t<h4>Steinberg Cubase &amp; Nuendo<\/h4>\n\t\t\t\t<div class=\"skill-value\">75%<\/div>\n\t\t\t<\/div>\n\t\t\t<div id=\"skill-40cafd150cc54bf4db0fab34ef764fae\" data-value=\"75\" data-color=\"#0099e5\" class=\"skill-container\">\n\t\t\t\t<div class=\"skill-percentage\"><\/div>\n\t\t\t<\/div>\n\t\t\t\t\t\t\t\t<div class=\"clearfix\">\n\t\t\t\t<h4>Apple Logic Pro X<\/h4>\n\t\t\t\t<div class=\"skill-value\">90%<\/div>\n\t\t\t<\/div>\n\t\t\t<div id=\"skill-6d714613be79f0b599436796c7d25444\" data-value=\"90\" data-color=\"#0099e5\" class=\"skill-container\">\n\t\t\t\t<div class=\"skill-percentage\"><\/div>\n\t\t\t<\/div>\n\t\t\t\t\t\t\t\t<div class=\"clearfix\">\n\t\t\t\t<h4>Apple Final Cut Pro X<\/h4>\n\t\t\t\t<div class=\"skill-value\">80%<\/div>\n\t\t\t<\/div>\n\t\t\t<div id=\"skill-7ad022f1fb26ea8e1a164ee5115e9d82\" data-value=\"80\" data-color=\"#0099e5\" class=\"skill-container\">\n\t\t\t\t<div class=\"skill-percentage\"><\/div>\n\t\t\t<\/div>\n\t\t\t\t\t\t\t\t<div class=\"clearfix\">\n\t\t\t\t<h4>Adobe Premiere Pro<\/h4>\n\t\t\t\t<div class=\"skill-value\">65%<\/div>\n\t\t\t<\/div>\n\t\t\t<div id=\"skill-7ba14253e8b1eec86dc184e7d7562db6\" data-value=\"65\" data-color=\"#0099e5\" class=\"skill-container\">\n\t\t\t\t<div class=\"skill-percentage\"><\/div>\n\t\t\t<\/div>\n\t\t\t\t\t\t\t\t<div class=\"clearfix\">\n\t\t\t\t<h4>WordPress<\/h4>\n\t\t\t\t<div class=\"skill-value\">90%<\/div>\n\t\t\t<\/div>\n\t\t\t<div id=\"skill-5c0167a4bf42f8ce59a29c09caff2558\" data-value=\"90\" data-color=\"#0099e5\" class=\"skill-container\">\n\t\t\t\t<div class=\"skill-percentage\"><\/div>\n\t\t\t<\/div>\n\t\t\t\t\t\t\t\t<div class=\"clearfix\">\n\t\t\t\t<h4>Microsoft Office<\/h4>\n\t\t\t\t<div class=\"skill-value\">90%<\/div>\n\t\t\t<\/div>\n\t\t\t<div id=\"skill-dee7a93b42446687c83cb642de4b141e\" data-value=\"90\" data-color=\"#0099e5\" class=\"skill-container\">\n\t\t\t\t<div class=\"skill-percentage\"><\/div>\n\t\t\t<\/div>\n\t\t\t\t\t\t\t\t<div class=\"clearfix\">\n\t\t\t\t<h4>AVID Media Composer<\/h4>\n\t\t\t\t<div class=\"skill-value\">40%<\/div>\n\t\t\t<\/div>\n\t\t\t<div id=\"skill-cac03a388e952ddc3d2b1381250b5b38\" data-value=\"40\" data-color=\"#0099e5\" class=\"skill-container\">\n\t\t\t\t<div class=\"skill-percentage\"><\/div>\n\t\t\t<\/div>\n\t\t\t\t\t\t\t\t<div class=\"clearfix\">\n\t\t\t\t<h4>HTML\/CSS<\/h4>\n\t\t\t\t<div class=\"skill-value\">35%<\/div>\n\t\t\t<\/div>\n\t\t\t<div id=\"skill-b465bff345f5f3d47c313d19857c3dba\" data-value=\"35\" data-color=\"#0099e5\" class=\"skill-container\">\n\t\t\t\t<div class=\"skill-percentage\"><\/div>\n\t\t\t<\/div>\n\t\t\t<\/div>\n\n<div class=\"block-title\">\n    <h3>Languages<span><\/span><\/h3>\n<\/div>\n\n\n<div id=\"skills-69ef62ef66e84\" class=\"skills-info skills-second-style\">\n\t\t\t\t\t\t<div class=\"clearfix\">\n\t\t\t\t<h4>German<\/h4>\n\t\t\t\t<div class=\"skill-value\">100%<\/div>\n\t\t\t<\/div>\n\t\t\t<div id=\"skill-ffc0c0eb95eca18bf4c6ff0a75020adf\" data-value=\"100\" data-color=\"#0099e5\" class=\"skill-container\">\n\t\t\t\t<div class=\"skill-percentage\"><\/div>\n\t\t\t<\/div>\n\t\t\t\t\t\t\t\t<div class=\"clearfix\">\n\t\t\t\t<h4>English<\/h4>\n\t\t\t\t<div class=\"skill-value\">95%<\/div>\n\t\t\t<\/div>\n\t\t\t<div id=\"skill-8cfe7b82b5dd93334224bbe9f283e2fb\" data-value=\"95\" data-color=\"#0099e5\" class=\"skill-container\">\n\t\t\t\t<div class=\"skill-percentage\"><\/div>\n\t\t\t<\/div>\n\t\t\t\t\t\t\t\t<div class=\"clearfix\">\n\t\t\t\t<h4>Latin<\/h4>\n\t\t\t\t<div class=\"skill-value\">50%<\/div>\n\t\t\t<\/div>\n\t\t\t<div id=\"skill-35980444dce5f6d1a750bc2b7e6f3258\" data-value=\"50\" data-color=\"#0099e5\" class=\"skill-container\">\n\t\t\t\t<div class=\"skill-percentage\"><\/div>\n\t\t\t<\/div>\n\t\t\t\t\t\t\t\t<div class=\"clearfix\">\n\t\t\t\t<h4>French<\/h4>\n\t\t\t\t<div class=\"skill-value\">20%<\/div>\n\t\t\t<\/div>\n\t\t\t<div id=\"skill-46bcfcc7b1edf93255525d3a3249f963\" data-value=\"20\" data-color=\"#0099e5\" class=\"skill-container\">\n\t\t\t\t<div class=\"skill-percentage\"><\/div>\n\t\t\t<\/div>\n\t\t\t<\/div>\n\t<\/div>\r\n<\/div>\r\n<\/div>\n\n\t<\/div>\n<\/section>","protected":false},"excerpt":{"rendered":"<p>Pers\u00f6nliche Daten Name Dipl.-Ing. Christoph Neuwirth, BSc Geburtsdatum 22. November 1995 in Wien Staatsangeh\u00f6rigkeit \u00d6sterreich Beruflicher Werdegang 09\/2021 \u2013 aktuell FH St. P\u00f6lten FH-Lektor Nebenberuflicher FH-Lektor im Bereich AV IP Technologien und Codecs 07\/2021 \u2013 aktuell Der Standard Ton-Cutter Aufnahme, Schnitt und Mischung von Podcasts 09\/2018 \u2013 09\/2020 FH St. P\u00f6lten Assistent f\u00fcr den Bereich&#8230;<\/p>\n<p><a class=\"read-more\" href=\"https:\/\/christoph-neuwirth.at\/en\/lebenslauf\/\">Read More<\/a><\/p>","protected":false},"author":1,"featured_media":0,"parent":0,"menu_order":0,"comment_status":"closed","ping_status":"closed","template":"","meta":{"_monsterinsights_skip_tracking":false,"_monsterinsights_sitenote_active":false,"_monsterinsights_sitenote_note":"","_monsterinsights_sitenote_category":0,"footnotes":""},"class_list":["post-26","page","type-page","status-publish","hentry"],"_links":{"self":[{"href":"https:\/\/christoph-neuwirth.at\/en\/wp-json\/wp\/v2\/pages\/26","targetHints":{"allow":["GET"]}}],"collection":[{"href":"https:\/\/christoph-neuwirth.at\/en\/wp-json\/wp\/v2\/pages"}],"about":[{"href":"https:\/\/christoph-neuwirth.at\/en\/wp-json\/wp\/v2\/types\/page"}],"author":[{"embeddable":true,"href":"https:\/\/christoph-neuwirth.at\/en\/wp-json\/wp\/v2\/users\/1"}],"replies":[{"embeddable":true,"href":"https:\/\/christoph-neuwirth.at\/en\/wp-json\/wp\/v2\/comments?post=26"}],"version-history":[{"count":0,"href":"https:\/\/christoph-neuwirth.at\/en\/wp-json\/wp\/v2\/pages\/26\/revisions"}],"wp:attachment":[{"href":"https:\/\/christoph-neuwirth.at\/en\/wp-json\/wp\/v2\/media?parent=26"}],"curies":[{"name":"wp","href":"https:\/\/api.w.org\/{rel}","templated":true}]}}